{"id":14,"date":"2018-09-20T00:20:46","date_gmt":"2018-09-19T22:20:46","guid":{"rendered":"http:\/\/pno.ujd.edu.pl\/index.php\/mesmerize\/"},"modified":"2024-06-13T13:20:33","modified_gmt":"2024-06-13T11:20:33","slug":"mesmerize","status":"publish","type":"page","link":"https:\/\/pno.ujd.edu.pl\/","title":{"rendered":"Front Page"},"content":{"rendered":"<div  id=\"overlappable-4\" style=\"background-color: #ffffff;\" data-label=\"Overlappable\" data-id=\"overlappable-4\" data-export-id=\"overlappable-4\" data-category=\"overlappable\" class=\"overlappable-4 content-section content-section-spacing\" data-overlap=\"true\"><div  class=\"gridContainer\"> <div  data-type=\"row\" class=\"row spaced-cols text-center\"><div  class=\"col-xs-12 col-sm-4 col-padding\"> <a data-cp-link=\"1\" href=\"https:\/\/orcid.org\" target=\"_blank\" class=\"\" rel=\"noopener noreferrer\"><i  class=\"fa icon shadow-large-black aligncenter color1 reverse round large fa-id-card-o\"><\/i><\/a> <div  data-type=\"column\" class=\"\"> <h5  class=\"\">ORCID<\/h5> <p  class=\"\">Indywidualny identyfikator naukowca<\/p><a class=\"link\" href=\"https:\/\/pno.ujd.edu.pl\/index.php\/orcid\" target=\"_self\" data-cp-link=\"1\" rel=\"noopener noreferrer\">Jak za\u0142o\u017cy\u0107 ORCID<\/a><\/div> <\/div> <div  class=\"col-xs-12 col-sm-4 col-padding\"> <a data-cp-link=\"1\" href=\"https:\/\/czasopisma.ujd.edu.pl\" target=\"_blank\" class=\"\" rel=\"noopener noreferrer\"><i  class=\"fa icon shadow-large-black aligncenter color1 fa-wpforms reverse round large\"><\/i><\/a> <div  data-type=\"column\" class=\"\"><h5  class=\"\">CZASOPISMA UJD<\/h5> <p  class=\"\">Oparta na systemie OJS platforma czasopism Uniwersytetu Jana D\u0142ugosza w Cz\u0119stochowie<\/p><\/div> <\/div> <div  class=\"col-xs-12 col-sm-4 col-padding\"> <a data-cp-link=\"1\" href=\"http:\/\/dlibra.bg.ajd.czest.pl:8080\/dlibra\" target=\"_blank\" class=\"\" rel=\"noopener noreferrer\"><i  class=\"fa icon shadow-large-black aligncenter color1 reverse round large fa-leanpub\"><\/i><\/a> <div  data-type=\"column\" class=\"\"><h5  class=\"\">Biblioteka cyfrowa UJD<\/h5> <p  class=\"\">Dost\u0119p do biblioteki cyfrowej Uniwersytetu Jana D\u0142ugosza w Cz\u0119stochowie<\/p><\/div> <\/div><\/div> <\/div><\/div><div  id=\"about-1\" style=\"background-color: #f5fafd;\" data-label=\"About\" data-id=\"about-1\" data-export-id=\"about-1\" data-category=\"about\" class=\"about-1 content-section\"><div  class=\"gridContainer\"> <div  class=\"row text-center\"><div  class=\"section-title-col\" data-type=\"column\"> <h5  class=\"\">Open Access<\/h5> <h2  class=\"\">Otwarta nauka<\/h2> <p  class=\"lead\">Otwarty dost\u0119p do wiedzy i nauki jest jednym z najwa\u017cniejszych element\u00f3w warunkuj\u0105cych rozw\u00f3j wsp\u00f3\u0142czesnego spo\u0142ecze\u0144stwa<\/p><\/div> <\/div> <div  class=\"row\"> <div  class=\"button-holder space-bottom space-bottom-small\" data-type=\"column\"> <a class=\"button color1\" href=\"https:\/\/www.nauka.gov.pl\/otwarty-dostep-do-publikacji-naukowych\" target=\"_self\" data-cp-link=\"1\" rel=\"noopener noreferrer\">ZA\u0141O\u017bENIA OTWARTEGO DOST\u0118PU \u2013 NAUKA.GOV.PL<\/a><\/div> <div  class=\"col-xs bottom-xs flexbox image-group-bottom-3-img space-bottom-xs center-xs\"> <img  decoding=\"async\" class=\"left-img shadow-large-black\" data-size=\"500x300\" src=\"http:\/\/pno.ujd.edu.pl\/wp-content\/uploads\/2018\/10\/cropped-books-1245690_640.jpg\" alt=\"\" title=\"cropped-books-1245690_640.jpg\"> <img  decoding=\"async\" class=\"center-img shadow-large-black\" data-size=\"500x300\" src=\"http:\/\/pno.ujd.edu.pl\/wp-content\/uploads\/2018\/10\/cropped-door-1590024_640.jpg\" alt=\"\" title=\"cropped-door-1590024_640.jpg\"> <img  decoding=\"async\" class=\"right-img shadow-large-black\" data-size=\"500x300\" src=\"http:\/\/pno.ujd.edu.pl\/wp-content\/uploads\/2018\/10\/cropped-business-2846221_640.jpg\" alt=\"\" title=\"cropped-business-2846221_640.jpg\"><\/div> <\/div><\/div> <\/div><div  id=\"features-3\" style=\"background-color: #ffffff;\" data-label=\"Features\" data-id=\"features-12-card-bordered\" data-export-id=\"features-12-card-bordered\" data-category=\"features\" class=\"features-12-card-bordered content-section content-section-spacing \"><div  class=\"gridContainer\"> <div  class=\"row text-center\"><div  class=\"section-title-col\" data-type=\"column\"> <h2  class=\"\">Instytucjonalna Polityka Otwarto\u015bci Uniwersytetu Jana D\u0142ugosza w Cz\u0119stochowie<\/h2> <a class=\"link\" href=\"https:\/\/info.ujd.edu.pl\/media\/domeny\/54\/static\/pub\/akty\/zwr\/zal1_108polityka_otwarto\u015bci_UJD.pdf\" target=\"_blank\" data-cp-link=\"1\" rel=\"noopener noreferrer\">Wprowadzona Zarz\u0105dzeniem Wewn\u0119trzym Rektora UJD Nr R0161\/108\/2019<\/a><\/div> <\/div> <div  class=\"row spaced-cols\" data-type=\"row\"> <div  class=\"col-sm-6\"> <div  class=\"card row-card bordered y-move\"> <div  class=\"row\"> <div  class=\"col-sm-fit icon-column\"> <a data-cp-link=\"1\" href=\"http:\/\/www.ujd.edu.pl\/articles\/view\/reforma-2018\" target=\"_blank\" class=\"\" rel=\"noopener noreferrer\"><i  class=\"fa icon color2 bordered round fa-graduation-cap\"><\/i><\/a> <\/div> <div  class=\"col-sm\" data-type=\"column\"> <h5  class=\"color2\">Reforma 2018<\/h5> <p  class=\"\">Strona UJD z informacjami na temat reformy nauki i szkolnictwa wy\u017cszego<\/p><\/div> <\/div><\/div> <\/div> <div  class=\"col-sm-6\"> <div  class=\"card row-card bordered y-move\"> <div  class=\"row\"> <div  class=\"col-sm-fit icon-column\"> <a data-cp-link=\"1\" href=\"http:\/\/www.ujd.edu.pl\/articles\/view\/aktualnosci-i-komunikaty-2\" target=\"_blank\" class=\"\" rel=\"noopener noreferrer\"><i  class=\"fa icon color2 bordered round fa-laptop\"><\/i><\/a> <\/div> <div  class=\"col-sm\" data-type=\"column\"> <h5  class=\"color2\">Dzia\u0142 Nauki UJD<\/h5> <p  class=\"\">Aktualno\u015bci i komunikaty<\/p><\/div> <\/div><\/div> <\/div> <div  class=\"col-sm-6\"> <div  class=\"card row-card bordered y-move\"> <div  class=\"row\"> <div  class=\"col-sm-fit icon-column\"> <a data-cp-link=\"1\" href=\"http:\/\/www.ujd.edu.pl\/uploads\/files\/foldernwrujd.pdf\" target=\"_blank\" class=\"\" rel=\"noopener noreferrer\"><i  class=\"fa icon color2 bordered round fa-gears\"><\/i><\/a> <\/div> <div  class=\"col-sm\" data-type=\"column\"> <h5  class=\"color2\">Nauka-wsp\u00f3\u0142praca-rozw\u00f3j<\/h5> <p  class=\"\">Nowoczesna uczelnia&nbsp;\u2013 broszura do pobrania<\/p><\/div> <\/div><\/div> <\/div> <div  class=\"col-sm-6\"> <div  class=\"card row-card bordered y-move\"> <div  class=\"row\"> <div  class=\"col-sm-fit icon-column\"> <a data-cp-link=\"1\" href=\"http:\/\/www.ujd.edu.pl\/articles\/view\/dzialalnosc-statutowa\" target=\"_blank\" class=\"\" rel=\"noopener noreferrer\"><i  class=\"fa icon color2 bordered round fa-line-chart\"><\/i><\/a> <\/div> <div  class=\"col-sm\" data-type=\"column\"> <h5  class=\"color2\">Dzia\u0142 Nauki UJD<\/h5> <p  class=\"\">Dzia\u0142alno\u015b\u0107 statutowa<\/p><\/div> <\/div><\/div> <\/div><\/div> <\/div><\/div><div  id=\"latest-news-1\" style=\"background-color: #f5fafd;\" data-label=\"Latest-news\" data-id=\"blog-section\" data-export-id=\"blog-section\" data-category=\"latest_news\" class=\"blog-section blog-section-standard content-section content-section-spacing\"><div  class=\"gridContainer\"> <div  class=\"row\"><div  data-type=\"column\" class=\"section-title-col\"> <h2  class=\"\">Aktualno\u015bci<\/h2> <\/div> <\/div> <div  class=\"row\"> <div  data-type=\"row\" data-dynamic-columns=\"handled\" data-content-shortcode=\"mesmerize_latest_news\">\t\t<div class=\"row center-sm content-left-sm\">\n\t\t\t\t\t<div id=\"post-211\" class=\"col-sm-6 col-md-4 space-bottom space-bottom-xs\">\n\t\t\t\t<div class=\"post-content card y-move bordered\">\n\t\t\t\t\t<div class=\"post-thumbnail\">\n   <a href=\"https:\/\/pno.ujd.edu.pl\/index.php\/2025\/04\/09\/poradnik-dla-naukowcow-i-data-stewardow-dotyczace-zarzadzania-danymi-badawczymi\/\" class=\"post-list-item-thumb \">\n      <img loading=\"lazy\" decoding=\"async\" width=\"632\" height=\"897\" src=\"https:\/\/pno.ujd.edu.pl\/wp-content\/uploads\/2025\/04\/dgr9WPUXTcM5OziDeYZl3VpWRWSjIurVhimGxRnD.webp\" class=\"attachment-post-thumbnail size-post-thumbnail wp-post-image\" alt=\"\" srcset=\"https:\/\/pno.ujd.edu.pl\/wp-content\/uploads\/2025\/04\/dgr9WPUXTcM5OziDeYZl3VpWRWSjIurVhimGxRnD.webp 632w, https:\/\/pno.ujd.edu.pl\/wp-content\/uploads\/2025\/04\/dgr9WPUXTcM5OziDeYZl3VpWRWSjIurVhimGxRnD-211x300.webp 211w\" sizes=\"auto, (max-width: 632px) 100vw, 632px\" \/>   <\/a>\n<\/div>\n\t\t\t\t\t<div class=\"col-padding col-padding-xs\">\n\t\t\t\t\t\t<h3 class=\"post-title space-bottom-small\">\n\t\t\t\t\t\t\t<a href=\"https:\/\/pno.ujd.edu.pl\/index.php\/2025\/04\/09\/poradnik-dla-naukowcow-i-data-stewardow-dotyczace-zarzadzania-danymi-badawczymi\/\" rel=\"bookmark\">\n\t\t\t\t\t\t\t\tPoradnik dla naukowc\u00f3w i data steward\u00f3w dotycz\u0105ce zarz\u0105dzania danymi badawczymi\t\t\t\t\t\t\t<\/a>\n\t\t\t\t\t\t<\/h3>\n\t\t\t\t\t\t<p>W poradniku om\u00f3wione s\u0105 wytyczne i regulacje dotycz\u0105ce danych badawczych, proces zarz\u0105dzania danymi, zagadnienia prawne. Poradnik jest dost\u0119pny w spos\u00f3b otwarty pod tym linkiem. Wcze\u015bniejsze wersje poradnika by\u0142y opracowane jako[&hellip;]<\/p>\n\t\t\t\t\t\t<a class=\"read-more link\" href=\"https:\/\/pno.ujd.edu.pl\/index.php\/2025\/04\/09\/poradnik-dla-naukowcow-i-data-stewardow-dotyczace-zarzadzania-danymi-badawczymi\/\">\n\t\t\t\t\t\t\tRead more\t\t\t\t\t\t<\/a>\n\t\t\t\t\t<\/div>\n\t\t\t\t<\/div>\n\t\t\t<\/div>\n\t\t\t\t\t\t<div id=\"post-208\" class=\"col-sm-6 col-md-4 space-bottom space-bottom-xs\">\n\t\t\t\t<div class=\"post-content card y-move bordered\">\n\t\t\t\t\t<div class=\"post-thumbnail\">\n   <a href=\"https:\/\/pno.ujd.edu.pl\/index.php\/2025\/04\/09\/diamentowa-droga-otwartego-dostepu\/\" class=\"post-list-item-thumb \">\n      <img loading=\"lazy\" decoding=\"async\" width=\"1024\" height=\"375\" src=\"https:\/\/pno.ujd.edu.pl\/wp-content\/uploads\/2025\/04\/agbY5g19kkAxza2DCOOzvlp1V0AXmhaKdhRuF6F9-1024x375.webp\" class=\"attachment-post-thumbnail size-post-thumbnail wp-post-image\" alt=\"\" srcset=\"https:\/\/pno.ujd.edu.pl\/wp-content\/uploads\/2025\/04\/agbY5g19kkAxza2DCOOzvlp1V0AXmhaKdhRuF6F9-1024x375.webp 1024w, https:\/\/pno.ujd.edu.pl\/wp-content\/uploads\/2025\/04\/agbY5g19kkAxza2DCOOzvlp1V0AXmhaKdhRuF6F9-300x110.webp 300w, https:\/\/pno.ujd.edu.pl\/wp-content\/uploads\/2025\/04\/agbY5g19kkAxza2DCOOzvlp1V0AXmhaKdhRuF6F9-768x282.webp 768w, https:\/\/pno.ujd.edu.pl\/wp-content\/uploads\/2025\/04\/agbY5g19kkAxza2DCOOzvlp1V0AXmhaKdhRuF6F9.webp 1203w\" sizes=\"auto, (max-width: 1024px) 100vw, 1024px\" \/>   <\/a>\n<\/div>\n\t\t\t\t\t<div class=\"col-padding col-padding-xs\">\n\t\t\t\t\t\t<h3 class=\"post-title space-bottom-small\">\n\t\t\t\t\t\t\t<a href=\"https:\/\/pno.ujd.edu.pl\/index.php\/2025\/04\/09\/diamentowa-droga-otwartego-dostepu\/\" rel=\"bookmark\">\n\t\t\t\t\t\t\t\tDiamentowa droga otwartego dost\u0119pu\t\t\t\t\t\t\t<\/a>\n\t\t\t\t\t\t<\/h3>\n\t\t\t\t\t\t<p>11 kwietnia w Poznaniu odb\u0119dzie si\u0119 spotkanie na temat diamentowego modelu otwartego dost\u0119pu. Na spotkaniu om\u00f3wione zostanie znaczenie tego modelu otwartego dost\u0119pu dla polskich czasopism naukowych. Przedstawione zostan\u0105 narz\u0119dzia wspieraj\u0105ce[&hellip;]<\/p>\n\t\t\t\t\t\t<a class=\"read-more link\" href=\"https:\/\/pno.ujd.edu.pl\/index.php\/2025\/04\/09\/diamentowa-droga-otwartego-dostepu\/\">\n\t\t\t\t\t\t\tRead more\t\t\t\t\t\t<\/a>\n\t\t\t\t\t<\/div>\n\t\t\t\t<\/div>\n\t\t\t<\/div>\n\t\t\t\t\t\t<div id=\"post-204\" class=\"col-sm-6 col-md-4 space-bottom space-bottom-xs\">\n\t\t\t\t<div class=\"post-content card y-move bordered\">\n\t\t\t\t\t<div class=\"post-thumbnail\">\n   <a href=\"https:\/\/pno.ujd.edu.pl\/index.php\/2025\/03\/30\/szkolenie-planowanie-badan-i-analiza-ich-wynikow-w-programie-statistica-17-kwietnia-2025\/\" class=\"post-list-item-thumb \">\n      <img loading=\"lazy\" decoding=\"async\" width=\"1024\" height=\"256\" src=\"https:\/\/pno.ujd.edu.pl\/wp-content\/uploads\/2025\/03\/szkolenie-dla-UJD_2025-1024x256.png\" class=\"attachment-post-thumbnail size-post-thumbnail wp-post-image\" alt=\"\" srcset=\"https:\/\/pno.ujd.edu.pl\/wp-content\/uploads\/2025\/03\/szkolenie-dla-UJD_2025-1024x256.png 1024w, https:\/\/pno.ujd.edu.pl\/wp-content\/uploads\/2025\/03\/szkolenie-dla-UJD_2025-300x75.png 300w, https:\/\/pno.ujd.edu.pl\/wp-content\/uploads\/2025\/03\/szkolenie-dla-UJD_2025-768x192.png 768w, https:\/\/pno.ujd.edu.pl\/wp-content\/uploads\/2025\/03\/szkolenie-dla-UJD_2025-1536x384.png 1536w, https:\/\/pno.ujd.edu.pl\/wp-content\/uploads\/2025\/03\/szkolenie-dla-UJD_2025.png 1840w\" sizes=\"auto, (max-width: 1024px) 100vw, 1024px\" \/>   <\/a>\n<\/div>\n\t\t\t\t\t<div class=\"col-padding col-padding-xs\">\n\t\t\t\t\t\t<h3 class=\"post-title space-bottom-small\">\n\t\t\t\t\t\t\t<a href=\"https:\/\/pno.ujd.edu.pl\/index.php\/2025\/03\/30\/szkolenie-planowanie-badan-i-analiza-ich-wynikow-w-programie-statistica-17-kwietnia-2025\/\" rel=\"bookmark\">\n\t\t\t\t\t\t\t\tSzkolenie: Planowanie bada\u0144 i analiza ich wynik\u00f3w w programie Statistica &#8211; 17 kwietnia 2025\t\t\t\t\t\t\t<\/a>\n\t\t\t\t\t\t<\/h3>\n\t\t\t\t\t\t<p>Link do strony gdzie pracownicy oraz studenci b\u0119d\u0105 mogli si\u0119 zarejestrowa\u0107 jako uczestnicy szkolenia 17 kwietnia 2025 r:https:\/\/events.teams.microsoft.com\/event\/80c986e4-c82e-4086-8518-2abfd93dd7da@c4c43e7d-6e43-4317-8105-1cea8bc66f6d&nbsp;<\/p>\n\t\t\t\t\t\t<a class=\"read-more link\" href=\"https:\/\/pno.ujd.edu.pl\/index.php\/2025\/03\/30\/szkolenie-planowanie-badan-i-analiza-ich-wynikow-w-programie-statistica-17-kwietnia-2025\/\">\n\t\t\t\t\t\t\tRead more\t\t\t\t\t\t<\/a>\n\t\t\t\t\t<\/div>\n\t\t\t\t<\/div>\n\t\t\t<\/div>\n\t\t\t\t<\/div>\n\t<\/div><\/div> <div  class=\"row\"><div  class=\"text-center\"> <a class=\"button color1\" data-attr-shortcode=\"href:mesmerize_blog_link\" href=\"https:\/\/pno.ujd.edu.pl\/index.php\/blog\/\" target=\"_self\" rel=\"noopener noreferrer\">Wi\u0119cej aktualno\u015bci<\/a><\/div> <\/div><\/div><\/div>","protected":false},"excerpt":{"rendered":"<p>ORCID Indywidualny identyfikator naukowcaJak za\u0142o\u017cy\u0107 ORCID CZASOPISMA UJD Oparta na systemie OJS platforma czasopism Uniwersytetu Jana D\u0142ugosza w Cz\u0119stochowie Biblioteka cyfrowa UJD Dost\u0119p do biblioteki cyfrowej Uniwersytetu Jana D\u0142ugosza w&hellip; <br \/> <a class=\"read-more\" href=\"https:\/\/pno.ujd.edu.pl\/index.php\/2025\/03\/30\/szkolenie-planowanie-badan-i-analiza-ich-wynikow-w-programie-statistica-17-kwietnia-2025\/\">Dowiedz si\u0119 wi\u0119cej<\/a><\/p>\n","protected":false},"author":1,"featured_media":0,"parent":0,"menu_order":0,"comment_status":"closed","ping_status":"closed","template":"page-templates\/homepage.php","meta":{"footnotes":""},"class_list":["post-14","page","type-page","status-publish","hentry"],"_links":{"self":[{"href":"https:\/\/pno.ujd.edu.pl\/index.php\/wp-json\/wp\/v2\/pages\/14","targetHints":{"allow":["GET"]}}],"collection":[{"href":"https:\/\/pno.ujd.edu.pl\/index.php\/wp-json\/wp\/v2\/pages"}],"about":[{"href":"https:\/\/pno.ujd.edu.pl\/index.php\/wp-json\/wp\/v2\/types\/page"}],"author":[{"embeddable":true,"href":"https:\/\/pno.ujd.edu.pl\/index.php\/wp-json\/wp\/v2\/users\/1"}],"replies":[{"embeddable":true,"href":"https:\/\/pno.ujd.edu.pl\/index.php\/wp-json\/wp\/v2\/comments?post=14"}],"version-history":[{"count":11,"href":"https:\/\/pno.ujd.edu.pl\/index.php\/wp-json\/wp\/v2\/pages\/14\/revisions"}],"predecessor-version":[{"id":196,"href":"https:\/\/pno.ujd.edu.pl\/index.php\/wp-json\/wp\/v2\/pages\/14\/revisions\/196"}],"wp:attachment":[{"href":"https:\/\/pno.ujd.edu.pl\/index.php\/wp-json\/wp\/v2\/media?parent=14"}],"curies":[{"name":"wp","href":"https:\/\/api.w.org\/{rel}","templated":true}]}}